{"id":35,"date":"2024-04-18T14:42:49","date_gmt":"2024-04-18T14:42:49","guid":{"rendered":"https:\/\/fundicionsa.cl\/?page_id=35"},"modified":"2026-02-10T15:40:24","modified_gmt":"2026-02-10T15:40:24","slug":"contacta-con-nosotros","status":"publish","type":"page","link":"https:\/\/fundicionsa.cl\/index.php\/contacta-con-nosotros\/","title":{"rendered":"Contacta con nosotros"},"content":{"rendered":"<div class=\"boldgrid-section\">\n<div class=\"container\">\n<div class=\"row row-spacing-lg\">\n<div class=\"col-md-6 col-sm-12 col-xs-12 col-lg-6\">\n<div class=\"boldgrid-shortcode\" data-imhwpb-draggable=\"true\">\n\n<\/div>\n<h1 class=\"h2\" style=\"margin-top: 0;\">Formulario Contacto<\/h1>\n<div class=\"row bg-editor-hr-wrap\">\n<div class=\"col-md-12 col-xs-12 col-sm-12 col-lg-12\">\n<div>\n<hr class=\"bg-hr color1-color bg-hr-15\" style=\"width: 50px; margin: 0px 80px 40px 0px; border-radius: 100px;\">\n<\/div>\n<\/div>\n<\/div>\n<p class=\"\" style=\"margin-bottom: 2em;\">Cualquier consulta o solicitud de informaci\u00f3n, no dude en escribirnos. Le responderemos a la brevedad.<\/p>\n<\/div>\n<div class=\"col-md-1 col-sm-12 col-xs-12 col-lg-1\"><\/div>\n<div class=\"col-md-5 col-sm-12 col-xs-12 col-lg-5\">\n<div class=\"bg-box\">\n<div class=\"row\">\n<div class=\"col-md-12 col-xs-12 col-sm-12 col-lg-12\">\n<div class=\"bg-img bg-img-3 bg-box bg-box-square bg-box-cover color-3-text-contrast color3-background-color\" style=\"margin-top: 2.2em; padding: 2em 3em;\">\n<p class=\"color1-color\" style=\"margin-bottom: .3em;\" data-font-weight=\"400\">Direcci\u00f3n:<\/p>\n<p style=\"margin-bottom: .3em;\">Fresia 2084, La Pintana<\/p>\n<p class=\"\">Santiago, Chile<\/p>\n<p class=\"color1-color\" style=\"margin-top: 2.2em; margin-bottom: .3em;\" data-font-weight=\"400\">Email:<\/p>\n<p class=\"\"><a href=\"#\">info@fundicionsa.cl<\/a><\/p>\n<p style=\"margin-top: 3.1em;\"><i class=\"fa bg-inserted-icon fa-facebook-square color1-color\" style=\"font-size: 22px; margin-right: .9em;\" aria-hidden=\"true\"><span style=\"display: none;\">&nbsp;<\/span><\/i><i class=\"fa bg-inserted-icon fa-twitter-square color1-color\" style=\"font-size: 22px; margin-right: .9em;\" aria-hidden=\"true\"><span style=\"display: none;\">&nbsp;<\/span><\/i><i class=\"fa bg-inserted-icon fa-google-plus-square color1-color\" style=\"font-size: 22px; margin-right: .9em;\" aria-hidden=\"true\"><span style=\"display: none;\">&nbsp;<\/span><\/i><i class=\"fa bg-inserted-icon fa-linkedin-square color1-color\" style=\"font-size: 22px; margin-right: .9em;\" aria-hidden=\"true\"><span style=\"display: none;\">&nbsp;<\/span><\/i><i class=\"fa bg-inserted-icon fa-youtube-square color1-color\" style=\"font-size: 22px; margin-right: .9em;\" aria-hidden=\"true\"><span style=\"display: none;\">&nbsp;<\/span><\/i><\/p>\n<\/div>\n<\/div>\n<\/div>\n<\/div>\n<\/div>\n<\/div>\n<\/div>\n<\/div>\n","protected":false},"excerpt":{"rendered":"<p>Formulario Contacto Cualquier consulta o solicitud de informaci\u00f3n, no dude en escribirnos. Le responderemos a la brevedad. Direcci\u00f3n: Fresia 2084, La Pintana Santiago, Chile Email: info@fundicionsa.cl &nbsp;&nbsp;&nbsp;&nbsp;&nbsp;<\/p>\n","protected":false},"author":1,"featured_media":31,"parent":0,"menu_order":0,"comment_status":"closed","ping_status":"closed","template":"","meta":{"bgseo_title":"","bgseo_description":"","bgseo_robots_index":"index","bgseo_robots_follow":"follow","footnotes":""},"class_list":["post-35","page","type-page","status-publish","has-post-thumbnail"],"yoast_head":"<!-- This site is optimized with the Yoast SEO plugin v22.5 - https:\/\/yoast.com\/wordpress\/plugins\/seo\/ -->\n<title>Contacta con nosotros | Fundicion Sol de Am\u00e9rica<\/title>\n<meta name=\"robots\" content=\"index, follow, max-snippet:-1, max-image-preview:large, max-video-preview:-1\" \/>\n<link rel=\"canonical\" href=\"https:\/\/fundicionsa.cl\/index.php\/contacta-con-nosotros\/\" \/>\n<meta property=\"og:locale\" content=\"es_ES\" \/>\n<meta property=\"og:type\" content=\"article\" \/>\n<meta property=\"og:title\" content=\"Contacta con nosotros - Fundicion Sol de Am\u00e9rica\" \/>\n<meta property=\"og:description\" content=\"Formulario Contacto Cualquier consulta o solicitud de informaci\u00f3n, no dude en escribirnos. Le responderemos a la brevedad. Direcci\u00f3n: Fresia 2084, La Pintana Santiago, Chile Email: info@fundicionsa.cl &nbsp;&nbsp;&nbsp;&nbsp;&nbsp;\" \/>\n<meta property=\"og:url\" content=\"https:\/\/fundicionsa.cl\/index.php\/contacta-con-nosotros\/\" \/>\n<meta property=\"og:site_name\" content=\"Fundicion Sol de Am\u00e9rica\" \/>\n<meta property=\"article:modified_time\" content=\"2026-02-10T15:40:24+00:00\" \/>\n<meta property=\"og:image\" content=\"https:\/\/fundicionsa.cl\/wp-content\/uploads\/2024\/04\/desk-with-computer-and-chair-2.jpg\" \/>\n\t<meta property=\"og:image:width\" content=\"1920\" \/>\n\t<meta property=\"og:image:height\" content=\"1080\" \/>\n\t<meta property=\"og:image:type\" content=\"image\/jpeg\" \/>\n<meta name=\"twitter:card\" content=\"summary_large_image\" \/>\n<meta name=\"twitter:label1\" content=\"Tiempo de lectura\" \/>\n\t<meta name=\"twitter:data1\" content=\"1 minuto\" \/>\n<script type=\"application\/ld+json\" class=\"yoast-schema-graph\">{\"@context\":\"https:\/\/schema.org\",\"@graph\":[{\"@type\":\"WebPage\",\"@id\":\"https:\/\/fundicionsa.cl\/index.php\/contacta-con-nosotros\/\",\"url\":\"https:\/\/fundicionsa.cl\/index.php\/contacta-con-nosotros\/\",\"name\":\"Contacta con nosotros - Fundicion Sol de Am\u00e9rica\",\"isPartOf\":{\"@id\":\"https:\/\/fundicionsa.cl\/#website\"},\"primaryImageOfPage\":{\"@id\":\"https:\/\/fundicionsa.cl\/index.php\/contacta-con-nosotros\/#primaryimage\"},\"image\":{\"@id\":\"https:\/\/fundicionsa.cl\/index.php\/contacta-con-nosotros\/#primaryimage\"},\"thumbnailUrl\":\"https:\/\/fundicionsa.cl\/wp-content\/uploads\/2024\/04\/desk-with-computer-and-chair-2.jpg\",\"datePublished\":\"2024-04-18T14:42:49+00:00\",\"dateModified\":\"2026-02-10T15:40:24+00:00\",\"breadcrumb\":{\"@id\":\"https:\/\/fundicionsa.cl\/index.php\/contacta-con-nosotros\/#breadcrumb\"},\"inLanguage\":\"es\",\"potentialAction\":[{\"@type\":\"ReadAction\",\"target\":[\"https:\/\/fundicionsa.cl\/index.php\/contacta-con-nosotros\/\"]}]},{\"@type\":\"ImageObject\",\"inLanguage\":\"es\",\"@id\":\"https:\/\/fundicionsa.cl\/index.php\/contacta-con-nosotros\/#primaryimage\",\"url\":\"https:\/\/fundicionsa.cl\/wp-content\/uploads\/2024\/04\/desk-with-computer-and-chair-2.jpg\",\"contentUrl\":\"https:\/\/fundicionsa.cl\/wp-content\/uploads\/2024\/04\/desk-with-computer-and-chair-2.jpg\",\"width\":1920,\"height\":1080},{\"@type\":\"BreadcrumbList\",\"@id\":\"https:\/\/fundicionsa.cl\/index.php\/contacta-con-nosotros\/#breadcrumb\",\"itemListElement\":[{\"@type\":\"ListItem\",\"position\":1,\"name\":\"Portada\",\"item\":\"https:\/\/fundicionsa.cl\/\"},{\"@type\":\"ListItem\",\"position\":2,\"name\":\"Contacta con nosotros\"}]},{\"@type\":\"WebSite\",\"@id\":\"https:\/\/fundicionsa.cl\/#website\",\"url\":\"https:\/\/fundicionsa.cl\/\",\"name\":\"Fundicion Sol de Am\u00e9rica\",\"description\":\"\",\"publisher\":{\"@id\":\"https:\/\/fundicionsa.cl\/#organization\"},\"potentialAction\":[{\"@type\":\"SearchAction\",\"target\":{\"@type\":\"EntryPoint\",\"urlTemplate\":\"https:\/\/fundicionsa.cl\/?s={search_term_string}\"},\"query-input\":\"required name=search_term_string\"}],\"inLanguage\":\"es\"},{\"@type\":\"Organization\",\"@id\":\"https:\/\/fundicionsa.cl\/#organization\",\"name\":\"Fundicion Sol de Am\u00e9rica\",\"url\":\"https:\/\/fundicionsa.cl\/\",\"logo\":{\"@type\":\"ImageObject\",\"inLanguage\":\"es\",\"@id\":\"https:\/\/fundicionsa.cl\/#\/schema\/logo\/image\/\",\"url\":\"https:\/\/fundicionsa.cl\/wp-content\/uploads\/2024\/04\/TextToImage_30_20240418-1.jpeg\",\"contentUrl\":\"https:\/\/fundicionsa.cl\/wp-content\/uploads\/2024\/04\/TextToImage_30_20240418-1.jpeg\",\"width\":110,\"height\":160,\"caption\":\"Fundicion Sol de Am\u00e9rica\"},\"image\":{\"@id\":\"https:\/\/fundicionsa.cl\/#\/schema\/logo\/image\/\"}}]}<\/script>\n<!-- \/ Yoast SEO plugin. -->","yoast_head_json":{"title":"Contacta con nosotros | Fundicion Sol de Am\u00e9rica","robots":{"index":"index","follow":"follow","max-snippet":"max-snippet:-1","max-image-preview":"max-image-preview:large","max-video-preview":"max-video-preview:-1"},"canonical":"https:\/\/fundicionsa.cl\/index.php\/contacta-con-nosotros\/","og_locale":"es_ES","og_type":"article","og_title":"Contacta con nosotros - Fundicion Sol de Am\u00e9rica","og_description":"Formulario Contacto Cualquier consulta o solicitud de informaci\u00f3n, no dude en escribirnos. Le responderemos a la brevedad. Direcci\u00f3n: Fresia 2084, La Pintana Santiago, Chile Email: info@fundicionsa.cl &nbsp;&nbsp;&nbsp;&nbsp;&nbsp;","og_url":"https:\/\/fundicionsa.cl\/index.php\/contacta-con-nosotros\/","og_site_name":"Fundicion Sol de Am\u00e9rica","article_modified_time":"2026-02-10T15:40:24+00:00","og_image":[{"width":1920,"height":1080,"url":"https:\/\/fundicionsa.cl\/wp-content\/uploads\/2024\/04\/desk-with-computer-and-chair-2.jpg","type":"image\/jpeg"}],"twitter_card":"summary_large_image","twitter_misc":{"Tiempo de lectura":"1 minuto"},"schema":{"@context":"https:\/\/schema.org","@graph":[{"@type":"WebPage","@id":"https:\/\/fundicionsa.cl\/index.php\/contacta-con-nosotros\/","url":"https:\/\/fundicionsa.cl\/index.php\/contacta-con-nosotros\/","name":"Contacta con nosotros - Fundicion Sol de Am\u00e9rica","isPartOf":{"@id":"https:\/\/fundicionsa.cl\/#website"},"primaryImageOfPage":{"@id":"https:\/\/fundicionsa.cl\/index.php\/contacta-con-nosotros\/#primaryimage"},"image":{"@id":"https:\/\/fundicionsa.cl\/index.php\/contacta-con-nosotros\/#primaryimage"},"thumbnailUrl":"https:\/\/fundicionsa.cl\/wp-content\/uploads\/2024\/04\/desk-with-computer-and-chair-2.jpg","datePublished":"2024-04-18T14:42:49+00:00","dateModified":"2026-02-10T15:40:24+00:00","breadcrumb":{"@id":"https:\/\/fundicionsa.cl\/index.php\/contacta-con-nosotros\/#breadcrumb"},"inLanguage":"es","potentialAction":[{"@type":"ReadAction","target":["https:\/\/fundicionsa.cl\/index.php\/contacta-con-nosotros\/"]}]},{"@type":"ImageObject","inLanguage":"es","@id":"https:\/\/fundicionsa.cl\/index.php\/contacta-con-nosotros\/#primaryimage","url":"https:\/\/fundicionsa.cl\/wp-content\/uploads\/2024\/04\/desk-with-computer-and-chair-2.jpg","contentUrl":"https:\/\/fundicionsa.cl\/wp-content\/uploads\/2024\/04\/desk-with-computer-and-chair-2.jpg","width":1920,"height":1080},{"@type":"BreadcrumbList","@id":"https:\/\/fundicionsa.cl\/index.php\/contacta-con-nosotros\/#breadcrumb","itemListElement":[{"@type":"ListItem","position":1,"name":"Portada","item":"https:\/\/fundicionsa.cl\/"},{"@type":"ListItem","position":2,"name":"Contacta con nosotros"}]},{"@type":"WebSite","@id":"https:\/\/fundicionsa.cl\/#website","url":"https:\/\/fundicionsa.cl\/","name":"Fundicion Sol de Am\u00e9rica","description":"","publisher":{"@id":"https:\/\/fundicionsa.cl\/#organization"},"potentialAction":[{"@type":"SearchAction","target":{"@type":"EntryPoint","urlTemplate":"https:\/\/fundicionsa.cl\/?s={search_term_string}"},"query-input":"required name=search_term_string"}],"inLanguage":"es"},{"@type":"Organization","@id":"https:\/\/fundicionsa.cl\/#organization","name":"Fundicion Sol de Am\u00e9rica","url":"https:\/\/fundicionsa.cl\/","logo":{"@type":"ImageObject","inLanguage":"es","@id":"https:\/\/fundicionsa.cl\/#\/schema\/logo\/image\/","url":"https:\/\/fundicionsa.cl\/wp-content\/uploads\/2024\/04\/TextToImage_30_20240418-1.jpeg","contentUrl":"https:\/\/fundicionsa.cl\/wp-content\/uploads\/2024\/04\/TextToImage_30_20240418-1.jpeg","width":110,"height":160,"caption":"Fundicion Sol de Am\u00e9rica"},"image":{"@id":"https:\/\/fundicionsa.cl\/#\/schema\/logo\/image\/"}}]}},"_links":{"self":[{"href":"https:\/\/fundicionsa.cl\/index.php\/wp-json\/wp\/v2\/pages\/35","targetHints":{"allow":["GET"]}}],"collection":[{"href":"https:\/\/fundicionsa.cl\/index.php\/wp-json\/wp\/v2\/pages"}],"about":[{"href":"https:\/\/fundicionsa.cl\/index.php\/wp-json\/wp\/v2\/types\/page"}],"author":[{"embeddable":true,"href":"https:\/\/fundicionsa.cl\/index.php\/wp-json\/wp\/v2\/users\/1"}],"replies":[{"embeddable":true,"href":"https:\/\/fundicionsa.cl\/index.php\/wp-json\/wp\/v2\/comments?post=35"}],"version-history":[{"count":5,"href":"https:\/\/fundicionsa.cl\/index.php\/wp-json\/wp\/v2\/pages\/35\/revisions"}],"predecessor-version":[{"id":136,"href":"https:\/\/fundicionsa.cl\/index.php\/wp-json\/wp\/v2\/pages\/35\/revisions\/136"}],"wp:featuredmedia":[{"embeddable":true,"href":"https:\/\/fundicionsa.cl\/index.php\/wp-json\/wp\/v2\/media\/31"}],"wp:attachment":[{"href":"https:\/\/fundicionsa.cl\/index.php\/wp-json\/wp\/v2\/media?parent=35"}],"curies":[{"name":"wp","href":"https:\/\/api.w.org\/{rel}","templated":true}]}}