{"id":34,"date":"2024-04-18T14:42:49","date_gmt":"2024-04-18T14:42:49","guid":{"rendered":"https:\/\/fundicionsa.cl\/?page_id=34"},"modified":"2026-02-10T15:41:39","modified_gmt":"2026-02-10T15:41:39","slug":"pagina-de-inicio","status":"publish","type":"page","link":"https:\/\/fundicionsa.cl\/","title":{"rendered":"P\u00e1gina de Inicio"},"content":{"rendered":"<div class=\"boldgrid-section\" data-image-url=\"https:\/\/fundicionsa.cl\/wp-content\/uploads\/2024\/04\/20240417_160744-scaled.jpg\" style=\"color: #ffffff; background-position: 50% 58%; background-size: cover; background-image: url('https:\/\/fundicionsa.cl\/wp-content\/uploads\/2024\/04\/20240417_160744-scaled.jpg'); background-repeat: repeat;\" data-bg-color=\"\">\n<div class=\"container\">\n<div class=\"row\" style=\"padding-top: 70px; padding-bottom: 140px;\" data-bg-color=\"\" data-image-url=\"\">\n<div class=\"col-md-7 col-sm-12 col-xs-12 col-lg-7\">\n<h2 class=\"h1\" style=\"margin-top: 0px; color: #ffffff;\">Fundici\u00f3n Sol de Am\u00e9rica<\/h2>\n<p class=\"\">Fundici\u00f3n de metales no ferrosos.<\/p>\n<p class=\"\" style=\"padding-top: 2em;\"><a class=\"button-primary btn btn-color-1 btn-border-color-1 btn btn-color-1 btn-border-color-1\" href=\"#\">Nuestros Servicios<\/a><\/p>\n<\/div>\n<div class=\"col-md-5 col-sm-12 col-xs-12 col-lg-5\"><\/div>\n<\/div>\n<\/div>\n<\/div>\n<div class=\"boldgrid-section\">\n<div class=\"container\">\n<div class=\"row row-spacing-lg\">\n<div class=\"col-md-6 col-sm-7 col-xs-12 col-lg-6\">\n<h2 class=\"\" style=\"margin-top: 0;\">Nuestra Historia<\/h2>\n<div class=\"row bg-editor-hr-wrap\">\n<div class=\"col-md-12 col-xs-12 col-sm-12 col-lg-12\">\n<div>\n<hr class=\"bg-hr color1-color bg-hr-15\" style=\"width: 50px; margin: 0px 80px 40px 0px; border-radius: 100px;\">\n<\/div>\n<\/div>\n<\/div>\n<p class=\"\" style=\"margin-bottom: 2em;\">Fundici\u00f3n Sol de Am\u00e9rica lleva 50 a\u00f1os en el negocio de la fundici\u00f3n de Aluminio y Zamac para la producci\u00f3n de piezas mediante el empleo en moldes por gravedad en coquilla met\u00e1lica e inyecci\u00f3n. Esto junto con la experiencia previa en otras compa\u00f1\u00edas del sector nos ha proporcionado una amplia experiencia, conocimiento y saber hacer que nos permite dar servicio y asesoramiento a nuestros clientes en funci\u00f3n de sus necesidades<\/p>\n<p class=\"\" style=\"margin-bottom: 2em;\"><a class=\"button-primary btn btn-color-1 btn-border-color-1 btn btn-color-1 btn-border-color-1\" href=\"#\">Contacto<\/a> &nbsp;<\/p>\n<\/div>\n<div class=\"col-md-1 col-sm-1 col-xs-12 col-lg-1\"><\/div>\n<div class=\"col-md-5 col-sm-4 col-xs-12 align-column-center col-lg-5\">\n<p class=\"text-center\"><img loading=\"lazy\" decoding=\"async\" class=\"bg-img bg-img-3 alignnone wp-image-60 size-medium\" src=\"https:\/\/fundicionsa.cl\/wp-content\/uploads\/2024\/04\/0_18_450_450_20240417_160432-768x1024.jpg\" alt=\"\" width=\"450\" height=\"450\" srcset=\"https:\/\/fundicionsa.cl\/wp-content\/uploads\/2024\/04\/0_18_450_450_20240417_160432-768x1024.jpg 450w, https:\/\/fundicionsa.cl\/wp-content\/uploads\/2024\/04\/20240417_160432-150x150.jpg 150w\" sizes=\"auto, (max-width: 450px) 100vw, 450px\" \/><\/p>\n<\/div>\n<\/div>\n<\/div>\n<\/div>\n<div class=\"boldgrid-section has-bg-overlay\" data-image-url=\"https:\/\/fundicionsa.cl\/wp-content\/uploads\/2024\/04\/feaf-cluster-fundicion-1500x1000-1.jpeg\" style=\"color: #ffffff; background-position: 50% 33%; background-size: cover; background-repeat: repeat; background-image: linear-gradient(90deg, rgba(0, 0, 0, 0.5) 0%, rgba(0, 0, 0, 0.5) 100%), url('https:\/\/fundicionsa.cl\/wp-content\/uploads\/2024\/04\/feaf-cluster-fundicion-1500x1000-1.jpeg');\" data-bg-color=\"rgba(0,0,0,0.5)\">\n<div class=\"container\">\n<div class=\"row row-spacing-lg-top\">\n<div class=\"col-md-12 col-sm-12 col-xs-12 col-lg-12\">\n<h2 class=\"\" style=\"color: #fff; margin-top: 0;\">Servicios<\/h2>\n<div class=\"row bg-editor-hr-wrap\">\n<div class=\"col-md-12 col-xs-12 col-sm-12 col-lg-12\">\n<div>\n<hr class=\"bg-hr color1-color bg-hr-15\" style=\"width: 50px; margin: 0px 80px 40px 0px; border-radius: 100px;\">\n<\/div>\n<\/div>\n<\/div>\n<\/div>\n<\/div>\n<div class=\"row row-spacing-lg-bottom\">\n<div class=\"col-md-12 col-sm-12 col-xs-12 col-lg-12\">\n<div class=\"row\">\n<div class=\"col-md-4 col-sm-12 col-xs-12 col-lg-4\">\n<div class=\"bg-box text-center color2-background-alpha color-2-text-contrast\" style=\"padding: 1.5em; margin: 1em 0;\">\n<h4 class=\"color-2-text-contrast\">Servicios de fundici\u00f3n de aluminio, Zamac y Bronce<\/h4>\n<p class=\"\">Soluciones relacionadas con el sector el\u00e9ctrico, ferrocarril, valvuler\u00eda, m\u00e1quina-herramienta, elevaci\u00f3n, transporte por cable, etc., garantizando los m\u00e1s altos niveles de satisfacci\u00f3n mediante la utilizaci\u00f3n de lingotes de primera calidad y certificados.<\/p>\n<\/div>\n<\/div>\n<div class=\"col-md-4 col-sm-12 col-xs-12 col-lg-4\">\n<div class=\"bg-box text-center color2-background-alpha color-2-text-contrast\" style=\"padding: 1.5em; margin: 1em 0;\">\n<h4 class=\"color-2-text-contrast\">Fundici\u00f3n mediante Inyecci\u00f3n o en coquilla por&nbsp; Gravedad&nbsp;<\/h4>\n<p class=\"\">Producci\u00f3n de piezas mediante el empleo en moldes por gravedad en coquilla met\u00e1lica e inyecci\u00f3n, y con diversa composiciones, propiedades y calidades seg\u00fan las exigencias en cada proyecto y aplicaci\u00f3n.<\/p>\n<\/div>\n<\/div>\n<div class=\"col-md-4 col-sm-12 col-xs-12 col-lg-4\">\n<div class=\"bg-box text-center color2-background-alpha color-2-text-contrast\" style=\"padding: 1.5em; margin: 1em 0;\">\n<h4 class=\"color-2-text-contrast\">Calidad de Nuestros Servicios<\/h4>\n<p class=\"\">\u00danicamente utilizamos lingotes de primera, con certificado de composici\u00f3n de fabricantes de primera l\u00ednea, lo que garantiza una materia prima de la m\u00e1s alta calidad.<\/p>\n<\/div>\n<\/div>\n<\/div>\n<\/div>\n<\/div>\n<\/div>\n<\/div>\n<div class=\"boldgrid-section\">\n<div class=\"container\">\n<div class=\"row row-spacing-lg-top\">\n<div class=\"col-md-12 col-sm-12 col-xs-12 col-lg-12\">\n<h2 class=\"\" style=\"margin-top: 0;\">FUNDICI\u00d3N DE CALIDAD PARA CADA PROYECTO<\/h2>\n<div class=\"row bg-editor-hr-wrap\">\n<div class=\"col-md-12 col-xs-12 col-sm-12 col-lg-12\">\n<div>\n<hr class=\"bg-hr color1-color bg-hr-15\" style=\"width: 50px; margin: 0px 80px 40px 0px; border-radius: 100px;\">\n<\/div>\n<\/div>\n<\/div>\n<\/div>\n<\/div>\n<div class=\"row row-spacing-lg-bottom\">\n<div class=\"col-md-5 col-sm-4 col-xs-12 col-lg-5\">\n<p class=\"\"><img loading=\"lazy\" decoding=\"async\" class=\"bg-img bg-img-3 alignnone wp-image-67 size-medium\" src=\"https:\/\/fundicionsa.cl\/wp-content\/uploads\/2024\/04\/163_0_349_279_unnamed.jpg\" alt=\"\" width=\"349\" height=\"279\"><\/p>\n<h4 class=\"\" style=\"margin-top: 1em; font-size: 1.2em; text-align: center;\">&nbsp;<\/h4>\n<p class=\"\" style=\"text-align: center;\">&nbsp;<\/p>\n<\/div>\n<div class=\"col-md-1 col-sm-1 col-xs-12 col-lg-1\"><\/div>\n<div class=\"col-md-6 col-sm-7 col-xs-12 col-lg-6\">\n<h3 class=\"\" style=\"margin-top: 0;\">Servicio de Calidad<\/h3>\n<p class=\"\" style=\"margin-bottom: 2em;\">Fundiciones Sol de Am\u00e9rica ofrece soluciones relacionadas con el sector el\u00e9ctrico, m\u00e1quina-herramienta, elevaci\u00f3n, miner\u00eda, etc., garantizando los m\u00e1s altos niveles de satisfacci\u00f3n mediante la utilizaci\u00f3n de lingotes de primera&nbsp; con su correspondiente certificado de composici\u00f3n y seg\u00fan las normas de calidad requeridas en cada proyecto.<\/p>\n<p class=\"\" style=\"margin-bottom: 2em;\">Adem\u00e1s, nos esmeramos en adecuar las especificaciones del producto encargado con las propias de los moldes y matrices a emplear en su fabricaci\u00f3n, tanto mediante una cuidadosa valoraci\u00f3n de sus futuras caracter\u00edsticas en su fase de estudio y dise\u00f1o, como a trav\u00e9s del asesoramiento y apoyo t\u00e9cnico que se haga preciso en las fases de su mecanizado y montaje.<\/p>\n<p class=\"\" style=\"margin-bottom: 2em;\"><a class=\"button-secondary btn btn-color-2 btn-border-color-1 btn btn-color-2 btn-border-color-1\" href=\"#\">Contacto<\/a><\/p>\n<\/div>\n<\/div>\n<\/div>\n<\/div>\n","protected":false},"excerpt":{"rendered":"<p>Fundici\u00f3n Sol de Am\u00e9rica Fundici\u00f3n de metales no ferrosos. Nuestros Servicios Nuestra Historia Fundici\u00f3n Sol de Am\u00e9rica lleva 50 a\u00f1os en el negocio de la fundici\u00f3n de Aluminio y Zamac<\/p>\n<div class=\"read-more\"><a class=\"btn button-secondary\" href=\"https:\/\/fundicionsa.cl\/\">Leer m\u00e1s<\/a><\/div>\n","protected":false},"author":1,"featured_media":0,"parent":0,"menu_order":0,"comment_status":"closed","ping_status":"closed","template":"","meta":{"bgseo_title":"Fundici\u00f3n sol de Am\u00e9rica","bgseo_description":"Fundicion de metales no ferrosos","bgseo_robots_index":"index","bgseo_robots_follow":"follow","footnotes":""},"class_list":["post-34","page","type-page","status-publish"],"yoast_head":"<!-- This site is optimized with the Yoast SEO plugin v22.5 - https:\/\/yoast.com\/wordpress\/plugins\/seo\/ -->\n<title>Fundici\u00f3n sol de Am\u00e9rica<\/title>\n<meta name=\"description\" content=\"Fundici\u00f3n mediante Inyecci\u00f3n o en coquilla por Gravedad, aluminio, zamac y bronce\" \/>\n<meta name=\"robots\" content=\"index, follow, max-snippet:-1, max-image-preview:large, max-video-preview:-1\" \/>\n<link rel=\"canonical\" href=\"https:\/\/fundicionsa.cl\/\" \/>\n<meta property=\"og:locale\" content=\"es_ES\" \/>\n<meta property=\"og:type\" content=\"article\" \/>\n<meta property=\"og:title\" content=\"P\u00e1gina de Inicio - Fundicion Sol de Am\u00e9rica\" \/>\n<meta property=\"og:description\" content=\"Fundici\u00f3n mediante Inyecci\u00f3n o en coquilla por Gravedad, aluminio, zamac y bronce\" \/>\n<meta property=\"og:url\" content=\"https:\/\/fundicionsa.cl\/\" \/>\n<meta property=\"og:site_name\" content=\"Fundicion Sol de Am\u00e9rica\" \/>\n<meta property=\"article:modified_time\" content=\"2026-02-10T15:41:39+00:00\" \/>\n<meta property=\"og:image\" content=\"https:\/\/fundicionsa.cl\/wp-content\/uploads\/2024\/04\/0_18_450_450_20240417_160432-768x1024.jpg\" \/>\n<meta name=\"twitter:card\" content=\"summary_large_image\" \/>\n<meta name=\"twitter:label1\" content=\"Tiempo de lectura\" \/>\n\t<meta name=\"twitter:data1\" content=\"2 minutos\" \/>\n<script type=\"application\/ld+json\" class=\"yoast-schema-graph\">{\"@context\":\"https:\/\/schema.org\",\"@graph\":[{\"@type\":\"WebPage\",\"@id\":\"https:\/\/fundicionsa.cl\/\",\"url\":\"https:\/\/fundicionsa.cl\/\",\"name\":\"P\u00e1gina de Inicio - Fundicion Sol de Am\u00e9rica\",\"isPartOf\":{\"@id\":\"https:\/\/fundicionsa.cl\/#website\"},\"primaryImageOfPage\":{\"@id\":\"https:\/\/fundicionsa.cl\/#primaryimage\"},\"image\":{\"@id\":\"https:\/\/fundicionsa.cl\/#primaryimage\"},\"thumbnailUrl\":\"https:\/\/fundicionsa.cl\/wp-content\/uploads\/2024\/04\/0_18_450_450_20240417_160432-768x1024.jpg\",\"datePublished\":\"2024-04-18T14:42:49+00:00\",\"dateModified\":\"2026-02-10T15:41:39+00:00\",\"description\":\"Fundici\u00f3n mediante Inyecci\u00f3n o en coquilla por Gravedad, aluminio, zamac y bronce\",\"breadcrumb\":{\"@id\":\"https:\/\/fundicionsa.cl\/#breadcrumb\"},\"inLanguage\":\"es\",\"potentialAction\":[{\"@type\":\"ReadAction\",\"target\":[\"https:\/\/fundicionsa.cl\/\"]}]},{\"@type\":\"ImageObject\",\"inLanguage\":\"es\",\"@id\":\"https:\/\/fundicionsa.cl\/#primaryimage\",\"url\":\"https:\/\/fundicionsa.cl\/wp-content\/uploads\/2024\/04\/20240417_160432-scaled.jpg\",\"contentUrl\":\"https:\/\/fundicionsa.cl\/wp-content\/uploads\/2024\/04\/20240417_160432-scaled.jpg\",\"width\":1920,\"height\":2560},{\"@type\":\"BreadcrumbList\",\"@id\":\"https:\/\/fundicionsa.cl\/#breadcrumb\",\"itemListElement\":[{\"@type\":\"ListItem\",\"position\":1,\"name\":\"Portada\",\"item\":\"https:\/\/fundicionsa.cl\/\"},{\"@type\":\"ListItem\",\"position\":2,\"name\":\"P\u00e1gina de Inicio\"}]},{\"@type\":\"WebSite\",\"@id\":\"https:\/\/fundicionsa.cl\/#website\",\"url\":\"https:\/\/fundicionsa.cl\/\",\"name\":\"Fundicion Sol de Am\u00e9rica\",\"description\":\"\",\"publisher\":{\"@id\":\"https:\/\/fundicionsa.cl\/#organization\"},\"potentialAction\":[{\"@type\":\"SearchAction\",\"target\":{\"@type\":\"EntryPoint\",\"urlTemplate\":\"https:\/\/fundicionsa.cl\/?s={search_term_string}\"},\"query-input\":\"required name=search_term_string\"}],\"inLanguage\":\"es\"},{\"@type\":\"Organization\",\"@id\":\"https:\/\/fundicionsa.cl\/#organization\",\"name\":\"Fundicion Sol de Am\u00e9rica\",\"url\":\"https:\/\/fundicionsa.cl\/\",\"logo\":{\"@type\":\"ImageObject\",\"inLanguage\":\"es\",\"@id\":\"https:\/\/fundicionsa.cl\/#\/schema\/logo\/image\/\",\"url\":\"https:\/\/fundicionsa.cl\/wp-content\/uploads\/2024\/04\/TextToImage_30_20240418-1.jpeg\",\"contentUrl\":\"https:\/\/fundicionsa.cl\/wp-content\/uploads\/2024\/04\/TextToImage_30_20240418-1.jpeg\",\"width\":110,\"height\":160,\"caption\":\"Fundicion Sol de Am\u00e9rica\"},\"image\":{\"@id\":\"https:\/\/fundicionsa.cl\/#\/schema\/logo\/image\/\"}}]}<\/script>\n<!-- \/ Yoast SEO plugin. -->","yoast_head_json":{"title":"Fundici\u00f3n sol de Am\u00e9rica","description":"Fundici\u00f3n mediante Inyecci\u00f3n o en coquilla por Gravedad, aluminio, zamac y bronce","robots":{"index":"index","follow":"follow","max-snippet":"max-snippet:-1","max-image-preview":"max-image-preview:large","max-video-preview":"max-video-preview:-1"},"canonical":"https:\/\/fundicionsa.cl\/","og_locale":"es_ES","og_type":"article","og_title":"P\u00e1gina de Inicio - Fundicion Sol de Am\u00e9rica","og_description":"Fundici\u00f3n mediante Inyecci\u00f3n o en coquilla por Gravedad, aluminio, zamac y bronce","og_url":"https:\/\/fundicionsa.cl\/","og_site_name":"Fundicion Sol de Am\u00e9rica","article_modified_time":"2026-02-10T15:41:39+00:00","og_image":[{"url":"https:\/\/fundicionsa.cl\/wp-content\/uploads\/2024\/04\/0_18_450_450_20240417_160432-768x1024.jpg"}],"twitter_card":"summary_large_image","twitter_misc":{"Tiempo de lectura":"2 minutos"},"schema":{"@context":"https:\/\/schema.org","@graph":[{"@type":"WebPage","@id":"https:\/\/fundicionsa.cl\/","url":"https:\/\/fundicionsa.cl\/","name":"P\u00e1gina de Inicio - Fundicion Sol de Am\u00e9rica","isPartOf":{"@id":"https:\/\/fundicionsa.cl\/#website"},"primaryImageOfPage":{"@id":"https:\/\/fundicionsa.cl\/#primaryimage"},"image":{"@id":"https:\/\/fundicionsa.cl\/#primaryimage"},"thumbnailUrl":"https:\/\/fundicionsa.cl\/wp-content\/uploads\/2024\/04\/0_18_450_450_20240417_160432-768x1024.jpg","datePublished":"2024-04-18T14:42:49+00:00","dateModified":"2026-02-10T15:41:39+00:00","description":"Fundici\u00f3n mediante Inyecci\u00f3n o en coquilla por Gravedad, aluminio, zamac y bronce","breadcrumb":{"@id":"https:\/\/fundicionsa.cl\/#breadcrumb"},"inLanguage":"es","potentialAction":[{"@type":"ReadAction","target":["https:\/\/fundicionsa.cl\/"]}]},{"@type":"ImageObject","inLanguage":"es","@id":"https:\/\/fundicionsa.cl\/#primaryimage","url":"https:\/\/fundicionsa.cl\/wp-content\/uploads\/2024\/04\/20240417_160432-scaled.jpg","contentUrl":"https:\/\/fundicionsa.cl\/wp-content\/uploads\/2024\/04\/20240417_160432-scaled.jpg","width":1920,"height":2560},{"@type":"BreadcrumbList","@id":"https:\/\/fundicionsa.cl\/#breadcrumb","itemListElement":[{"@type":"ListItem","position":1,"name":"Portada","item":"https:\/\/fundicionsa.cl\/"},{"@type":"ListItem","position":2,"name":"P\u00e1gina de Inicio"}]},{"@type":"WebSite","@id":"https:\/\/fundicionsa.cl\/#website","url":"https:\/\/fundicionsa.cl\/","name":"Fundicion Sol de Am\u00e9rica","description":"","publisher":{"@id":"https:\/\/fundicionsa.cl\/#organization"},"potentialAction":[{"@type":"SearchAction","target":{"@type":"EntryPoint","urlTemplate":"https:\/\/fundicionsa.cl\/?s={search_term_string}"},"query-input":"required name=search_term_string"}],"inLanguage":"es"},{"@type":"Organization","@id":"https:\/\/fundicionsa.cl\/#organization","name":"Fundicion Sol de Am\u00e9rica","url":"https:\/\/fundicionsa.cl\/","logo":{"@type":"ImageObject","inLanguage":"es","@id":"https:\/\/fundicionsa.cl\/#\/schema\/logo\/image\/","url":"https:\/\/fundicionsa.cl\/wp-content\/uploads\/2024\/04\/TextToImage_30_20240418-1.jpeg","contentUrl":"https:\/\/fundicionsa.cl\/wp-content\/uploads\/2024\/04\/TextToImage_30_20240418-1.jpeg","width":110,"height":160,"caption":"Fundicion Sol de Am\u00e9rica"},"image":{"@id":"https:\/\/fundicionsa.cl\/#\/schema\/logo\/image\/"}}]}},"_links":{"self":[{"href":"https:\/\/fundicionsa.cl\/index.php\/wp-json\/wp\/v2\/pages\/34","targetHints":{"allow":["GET"]}}],"collection":[{"href":"https:\/\/fundicionsa.cl\/index.php\/wp-json\/wp\/v2\/pages"}],"about":[{"href":"https:\/\/fundicionsa.cl\/index.php\/wp-json\/wp\/v2\/types\/page"}],"author":[{"embeddable":true,"href":"https:\/\/fundicionsa.cl\/index.php\/wp-json\/wp\/v2\/users\/1"}],"replies":[{"embeddable":true,"href":"https:\/\/fundicionsa.cl\/index.php\/wp-json\/wp\/v2\/comments?post=34"}],"version-history":[{"count":10,"href":"https:\/\/fundicionsa.cl\/index.php\/wp-json\/wp\/v2\/pages\/34\/revisions"}],"predecessor-version":[{"id":137,"href":"https:\/\/fundicionsa.cl\/index.php\/wp-json\/wp\/v2\/pages\/34\/revisions\/137"}],"wp:attachment":[{"href":"https:\/\/fundicionsa.cl\/index.php\/wp-json\/wp\/v2\/media?parent=34"}],"curies":[{"name":"wp","href":"https:\/\/api.w.org\/{rel}","templated":true}]}}